{"id":4758,"date":"2019-01-31T13:46:12","date_gmt":"2019-01-31T13:46:12","guid":{"rendered":"http:\/\/tiger-warranty.com\/?page_id=4758"},"modified":"2021-10-06T14:08:35","modified_gmt":"2021-10-06T14:08:35","slug":"mentions-legales","status":"publish","type":"page","link":"https:\/\/fr.tiger-warranty.com\/index.php\/mentions-legales\/","title":{"rendered":"Mentions l\u00e9gales"},"content":{"rendered":"<p>[vc_row css=\u00a0\u00bb.vc_custom_1540203729542{margin-top: 40px !important;margin-bottom: 20px !important;}\u00a0\u00bb][vc_column]<div class=\"ult-spacer spacer-69e68683e9ac3\" data-id=\"69e68683e9ac3\" data-height=\"20\" data-height-mobile=\"20\" data-height-tab=\"20\" data-height-tab-portrait=\"\" data-height-mobile-landscape=\"\" style=\"clear:both;display:block;\"><\/div><div id=\"ultimate-heading-717169e68683e9b50\" class=\"uvc-heading ult-adjust-bottom-margin ultimate-heading-717169e68683e9b50 uvc-3100 \" data-hspacer=\"no_spacer\"  data-halign=\"center\" style=\"text-align:center\"><div class=\"uvc-heading-spacer no_spacer\" style=\"top\"><\/div><div class=\"uvc-main-heading ult-responsive\"  data-ultimate-target='.uvc-heading.ultimate-heading-717169e68683e9b50 h1'  data-responsive-json-new='{\"font-size\":\"\",\"line-height\":\"\"}' ><h1 style=\"font-weight:bold;\">MENTIONS LEGALES<\/h1><\/div><\/div><div class=\"ult-spacer spacer-69e68683e9ba4\" data-id=\"69e68683e9ba4\" data-height=\"60\" data-height-mobile=\"60\" data-height-tab=\"60\" data-height-tab-portrait=\"\" data-height-mobile-landscape=\"\" style=\"clear:both;display:block;\"><\/div>[\/vc_column][\/vc_row][vc_row][vc_column][vc_column_text]<\/p>\n<ol>\n<li>Pr\u00e9sentation du site<\/li>\n<\/ol>\n<p>En vertu de l&rsquo;article 6 de la loi no. 2004-575 du 21 juin 2004 pour la confiance dans l&rsquo;\u00e9conomie num\u00e9rique, il est pr\u00e9cis\u00e9 aux utilisateurs du site tiger-warranty.com* l&rsquo;identit\u00e9 des diff\u00e9rents contributeurs dans le cadre de sa r\u00e9alisation et de son suivi :<\/p>\n<p>Propri\u00e9taire : Ascendeo France \u2013 SAS au capital de 4 537 806,00 \u20ac \u2013 RCS de Lyon 307 301 135 \u2013<\/p>\n<p>N\u00b0 TVA intracommunautaire : FR91 307 301 135 \u2013 ASCENDEO France CS 30717 69153 DECINES CHARPIEU CEDEX<\/p>\n<p>Cr\u00e9ateur : Ascendeo France et Upyne<\/p>\n<p>Responsable de la publication : Patrick BOHBOT<\/p>\n<p>H\u00e9bergeur : OVH<\/p>\n<ol start=\"2\">\n<li>Conditions g\u00e9n\u00e9rales d&rsquo;utilisation du site et des services propos\u00e9s.<\/li>\n<\/ol>\n<p>L&rsquo;utilisation du site tiger-warranty.com implique l&rsquo;acceptation pleine et enti\u00e8re des conditions g\u00e9n\u00e9rales d&rsquo;utilisation ci-apr\u00e8s d\u00e9crites. Ces conditions d&rsquo;utilisation sont susceptibles d&rsquo;\u00eatre modifi\u00e9es ou compl\u00e9t\u00e9es \u00e0 tout moment, les utilisateurs du site http:\/\/www. Le site tiger-warranty.com est donc invit\u00e9 \u00e0 s&rsquo;y r\u00e9f\u00e9rer r\u00e9guli\u00e8rement.<\/p>\n<p>Ce site Internet est normalement accessible \u00e0 tout moment aux utilisateurs. Une interruption pour cause de maintenance technique peut toutefois \u00eatre d\u00e9cid\u00e9e par http:\/\/www. tiger-warranty.com, qui s&rsquo;efforcera alors de communiquer pr\u00e9alablement les dates et heures de l&rsquo;intervention aux utilisateurs.<\/p>\n<p>Le site http:\/\/www.tiger-warranty.com est r\u00e9guli\u00e8rement mis \u00e0 jour. De m\u00eame, les mentions l\u00e9gales peuvent \u00eatre modifi\u00e9es \u00e0 tout moment : elles s&rsquo;imposent n\u00e9anmoins \u00e0 l&rsquo;utilisateur qui est invit\u00e9 \u00e0 s&rsquo;y r\u00e9f\u00e9rer le plus souvent possible pour en prendre connaissance.<\/p>\n<ol start=\"3\">\n<li>Description des services fournis.<\/li>\n<\/ol>\n<p>Le site http:\/\/www.tiger-warranty.com a pour objet de fournir des informations sur 1 ou plusieurs produits que nous distribuons.<\/p>\n<p>Ascendeo France s&rsquo;efforce de fournir sur le site http:\/\/www.tiger-warranty.com des informations aussi pr\u00e9cises que possible. Toutefois, elle ne saurait \u00eatre tenue pour responsable des omissions, inexactitudes et lacunes dans la mise \u00e0 jour, qu&rsquo;elles soient de son fait ou du fait de tiers partenaires qui lui fournissent ces informations.<\/p>\n<p>Toutes les informations indiqu\u00e9es sur le site http:\/\/www. Le site tiger-warranty.com est donn\u00e9 \u00e0 titre indicatif et est susceptible d&rsquo;\u00e9voluer. Par ailleurs, les informations figurant sur le site http:\/\/www. tiger-warranty.com n&rsquo;est pas exhaustif. Il est donn\u00e9 sous r\u00e9serve de modifications ayant \u00e9t\u00e9 apport\u00e9es depuis sa mise en ligne.<\/p>\n<ol start=\"4\">\n<li>Limitations contractuelles sur les donn\u00e9es techniques.<\/li>\n<\/ol>\n<p>Le site ne pourra \u00eatre tenu responsable des dommages mat\u00e9riels li\u00e9s \u00e0 l&rsquo;utilisation du site. Par ailleurs, l&rsquo;utilisateur du site s&rsquo;engage \u00e0 acc\u00e9der au site en utilisant un mat\u00e9riel r\u00e9cent, ne contenant aucun virus et avec un navigateur de derni\u00e8re g\u00e9n\u00e9ration mis \u00e0 jour.<\/p>\n<ol start=\"5\">\n<li>Propri\u00e9t\u00e9 intellectuelle et contrefa\u00e7on.<\/li>\n<\/ol>\n<p>Ascendeo France est propri\u00e9taire des droits de propri\u00e9t\u00e9 intellectuelle ou d\u00e9tient les droits d&rsquo;usage sur tous les \u00e9l\u00e9ments accessibles sur le site, notamment les textes, images, graphismes, logo, ic\u00f4nes, sons, logiciels.<\/p>\n<p>Toute reproduction, repr\u00e9sentation, modification, publication ou adaptation de tout ou partie des \u00e9l\u00e9ments du site, quel que soit le moyen ou le proc\u00e9d\u00e9 utilis\u00e9, est interdite, sauf autorisation \u00e9crite pr\u00e9alable de : Ascendeo France.<\/p>\n<p>Toute exploitation non autoris\u00e9e du site ou de l&rsquo;un quelconque des \u00e9l\u00e9ments qu&rsquo;il contient sera consid\u00e9r\u00e9e comme constitutive d&rsquo;une contrefa\u00e7on et poursuivie conform\u00e9ment aux dispositions des articles L.335-2 et suivants. du Code de la Propri\u00e9t\u00e9 Intellectuelle.<\/p>\n<ol start=\"6\">\n<li>Limitations de responsabilit\u00e9.<\/li>\n<\/ol>\n<p>Ascendeo France ne pourra \u00eatre tenu responsable des dommages directs ou indirects caus\u00e9s au mat\u00e9riel de l&rsquo;utilisateur, lors de l&rsquo;acc\u00e8s au site internet Ascendeo France, et r\u00e9sultant soit de l&rsquo;utilisation d&rsquo;un mat\u00e9riel ne r\u00e9pondant pas aux sp\u00e9cifications indiqu\u00e9es au point 4, soit de l&rsquo;apparition d&rsquo;un bug ou d&rsquo;une incompatibilit\u00e9 .<\/p>\n<p>Ascendeo France ne pourra \u00e9galement \u00eatre tenu responsable des dommages indirects (tels par exemple qu&rsquo;une perte de march\u00e9 ou perte d&rsquo;une chance) cons\u00e9cutifs \u00e0 l&rsquo;utilisation du site http:\/\/www.tiger-warranty.com.<\/p>\n<p>Des espaces interactifs (possibilit\u00e9 de poser des questions dans l&rsquo;espace contact) sont \u00e0 la disposition des utilisateurs. Ascendeo France se r\u00e9serve le droit de supprimer, sans mise en demeure pr\u00e9alable, tout contenu ajout\u00e9 dans cet espace qui contreviendrait \u00e0 la l\u00e9gislation applicable en France, en particulier aux dispositions relatives \u00e0 la protection des donn\u00e9es. Le cas \u00e9ch\u00e9ant, Ascendeo France se r\u00e9serve \u00e9galement la possibilit\u00e9 d&rsquo;engager la responsabilit\u00e9 civile et\/ou p\u00e9nale de l&rsquo;utilisateur, notamment en cas de messages \u00e0 caract\u00e8re raciste, injurieux, diffamatoire ou pornographique, quel que soit le support utilis\u00e9 (texte, photo\u2026).<\/p>\n<ol start=\"7\">\n<li>Gestion des donn\u00e9es personnelles.<\/li>\n<\/ol>\n<p>En France, les donn\u00e9es personnelles sont notamment prot\u00e9g\u00e9es par la loi Informatique et Libert\u00e9s n. 78-87 du 6 janvier 1978, loi n. 2004-801 du 6 ao\u00fbt 2004, article L. 226-13 du code p\u00e9nal et directive europ\u00e9enne du 24 octobre 1995.<\/p>\n<p>&nbsp;<\/p>\n<p>Lors de l&rsquo;utilisation du site http:\/\/www.tiger-warranty.com peuvent \u00eatre collect\u00e9es : l&rsquo;URL des liens par lesquels l&rsquo;utilisateur a acc\u00e9d\u00e9 au site http:\/\/www. site tiger-warranty.com, le fournisseur d&rsquo;acc\u00e8s Internet de l&rsquo;utilisateur, l&rsquo;adresse de protocole Internet (IP) de l&rsquo;utilisateur.<\/p>\n<p>En tout \u00e9tat de cause Ascendeo France ne collecte des informations personnelles relatives \u00e0 l&rsquo;utilisateur que pour le besoin de certains services propos\u00e9s par le site http:\/\/www. site tiger-warranty.com. L&rsquo;utilisateur fournit ces informations en toute connaissance de cause, notamment lorsqu&rsquo;il proc\u00e8de par lui-m\u00eame \u00e0 leur saisie. L&rsquo;utilisateur du site http:\/\/www.tiger-warranty.com est ainsi inform\u00e9 de l&rsquo;obligation de fournir ou non ces informations.<\/p>\n<p>Conform\u00e9ment aux dispositions des articles 38 et suivants. de la Loi Informatique et Libert\u00e9s n. 78-17 du 6 janvier 1978, tout utilisateur dispose d&rsquo;un droit d&rsquo;acc\u00e8s, de rectification ou d&rsquo;opposition aux donn\u00e9es personnelles le concernant, en faisant une demande \u00e9crite sign\u00e9e, accompagn\u00e9e d&rsquo;une copie de sa carte d&rsquo;identit\u00e9 avec signature du titulaire du document , en pr\u00e9cisant l&rsquo;adresse \u00e0 laquelle la r\u00e9ponse doit \u00eatre envoy\u00e9e.<\/p>\n<p>Aucune information personnelle de l&rsquo;utilisateur du site http:\/\/www.tiger-warranty.com n&rsquo;est publi\u00e9e, \u00e9chang\u00e9e, transf\u00e9r\u00e9e, c\u00e9d\u00e9e ou vendue \u00e0 votre insu sur un support quelconque \u00e0 des tiers. Ce n&rsquo;est qu&rsquo;en cas de reprise d&rsquo;Ascendeo France et de ses droits que lesdites informations seraient transmises \u00e0 l&rsquo;\u00e9ventuel acqu\u00e9reur qui serait \u00e0 son tour tenu de la m\u00eame obligation de conservation et de modification des donn\u00e9es vis-\u00e0-vis de l&rsquo;utilisateur du http : \/\/www. site tiger-warranty.com.<\/p>\n<p>Les bases de donn\u00e9es sont prot\u00e9g\u00e9es par les dispositions de la loi du 1er juillet 1998 transposant la directive 96\/9 du 11 mars 1996 relative \u00e0 la protection juridique des bases de donn\u00e9es.<\/p>\n<ol start=\"8\">\n<li>Liens hypertextes et cookies.<\/li>\n<\/ol>\n<p>Le site http:\/\/www.tiger-warranty.com contient un certain nombre de liens hypertextes vers d&rsquo;autres sites, mis en place avec l&rsquo;autorisation d&rsquo;Ascendeo France. Toutefois, Ascendeo France n&rsquo;a pas la possibilit\u00e9 de v\u00e9rifier le contenu des sites ainsi visit\u00e9s, et n&rsquo;encourra par cons\u00e9quent aucune responsabilit\u00e9 de ce fait.<\/p>\n<p>La navigation sur le site http:\/\/www.tiger-warranty.com est susceptible de provoquer l&rsquo;installation de cookie(s) sur l&rsquo;ordinateur de l&rsquo;utilisateur. Un cookie est un petit fichier qui ne permet pas d&rsquo;identifier l&rsquo;utilisateur mais enregistre des informations relatives \u00e0 la navigation d&rsquo;un site Internet sur un ordinateur. Les donn\u00e9es ainsi obtenues visent \u00e0 faciliter la navigation ult\u00e9rieure sur le site, et sont \u00e9galement destin\u00e9es \u00e0 permettre diverses mesures de fr\u00e9quence de visite.<\/p>\n<p>Le refus d&rsquo;installation d&rsquo;un cookie peut entra\u00eener l&rsquo;impossibilit\u00e9 d&rsquo;acc\u00e9der \u00e0 certains services.<\/p>\n<ol start=\"9\">\n<li>Droit applicable et r\u00e9partition des comp\u00e9tences.<\/li>\n<\/ol>\n<p>Tout litige en relation avec l&rsquo;utilisation du site http:\/\/www.tiger-warranty.com est soumis au droit fran\u00e7ais. Comp\u00e9tence est exclusivement attribu\u00e9e aux tribunaux comp\u00e9tents de Paris.<\/p>\n<ol start=\"10\">\n<li>Les principales lois concern\u00e9es.<\/li>\n<\/ol>\n<p>Acte n. 78-87 du 6 janvier 1978, notamment modifi\u00e9 par la loi n. 2004-801 du 6 ao\u00fbt 2004.<\/p>\n<p>Acte n. 2004-575 du 21 juin 2004 pour la confiance dans l&rsquo;\u00e9conomie num\u00e9rique.<\/p>\n<ol start=\"11\">\n<li>Lexique<\/li>\n<\/ol>\n<p>Utilisateur : Internaute se connectant, utilisant le site susnomm\u00e9.<\/p>\n<p>Informations personnelles : \u00ab les informations qui permettent, sous quelque forme que ce soit, directement ou non, l&rsquo;identification des personnes physiques auxquelles elles s&rsquo;appliquent \u00bb (article 4 de la loi n\u00b0 78-17 du 6 janvier 1978).<\/p>\n<p>* Sites Web et sous-domaines associ\u00e9s (tiger-warranty.com, xxx. tiger-warranty.com\u00a0; etc)[\/vc_column_text][\/vc_column][\/vc_row]<\/p>\n","protected":false},"excerpt":{"rendered":"<p>[vc_row css=\u00a0\u00bb.vc_custom_1540203729542{margin-top: 40px !important;margin-bottom: 20px !important;}\u00a0\u00bb][vc_column][\/vc_column][\/vc_row][vc_row][vc_column][vc_column_text] Pr\u00e9sentation du site En vertu de l&rsquo;article 6 de la loi no. 2004-575 du 21 juin 2004 pour la confiance dans l&rsquo;\u00e9conomie num\u00e9rique, il est pr\u00e9cis\u00e9 aux utilisateurs du site tiger-warranty.com* l&rsquo;identit\u00e9 des diff\u00e9rents contributeurs dans le cadre de sa r\u00e9alisation et de son suivi : Propri\u00e9taire : Ascendeo [&hellip;]<\/p>\n","protected":false},"author":4,"featured_media":0,"parent":0,"menu_order":0,"comment_status":"closed","ping_status":"closed","template":"template-custom-page.php","meta":[],"yoast_head":"<!-- This site is optimized with the Yoast SEO plugin v15.7 - https:\/\/yoast.com\/wordpress\/plugins\/seo\/ -->\n<title>Mentions l\u00e9gales - TigerGlass<\/title>\n<meta name=\"robots\" content=\"index, follow, max-snippet:-1, max-image-preview:large, max-video-preview:-1\" \/>\n<link rel=\"canonical\" href=\"https:\/\/fr.tiger-warranty.com\/index.php\/mentions-legales\/\" \/>\n<meta property=\"og:locale\" content=\"fr_FR\" \/>\n<meta property=\"og:type\" content=\"article\" \/>\n<meta property=\"og:title\" content=\"Mentions l\u00e9gales - TigerGlass\" \/>\n<meta property=\"og:description\" content=\"[vc_row css=\u00a0\u00bb.vc_custom_1540203729542{margin-top: 40px !important;margin-bottom: 20px !important;}\u00a0\u00bb][vc_column][\/vc_column][\/vc_row][vc_row][vc_column][vc_column_text] Pr\u00e9sentation du site En vertu de l&rsquo;article 6 de la loi no. 2004-575 du 21 juin 2004 pour la confiance dans l&rsquo;\u00e9conomie num\u00e9rique, il est pr\u00e9cis\u00e9 aux utilisateurs du site tiger-warranty.com* l&rsquo;identit\u00e9 des diff\u00e9rents contributeurs dans le cadre de sa r\u00e9alisation et de son suivi : Propri\u00e9taire : Ascendeo [&hellip;]\" \/>\n<meta property=\"og:url\" content=\"https:\/\/fr.tiger-warranty.com\/index.php\/mentions-legales\/\" \/>\n<meta property=\"og:site_name\" content=\"TigerGlass\" \/>\n<meta property=\"article:modified_time\" content=\"2021-10-06T14:08:35+00:00\" \/>\n<meta name=\"twitter:card\" content=\"summary_large_image\" \/>\n<meta name=\"twitter:label1\" content=\"Dur\u00e9e de lecture est.\">\n\t<meta name=\"twitter:data1\" content=\"6 minutes\">\n<script type=\"application\/ld+json\" class=\"yoast-schema-graph\">{\"@context\":\"https:\/\/schema.org\",\"@graph\":[{\"@type\":\"WebSite\",\"@id\":\"https:\/\/fr.tiger-warranty.com\/#website\",\"url\":\"https:\/\/fr.tiger-warranty.com\/\",\"name\":\"TigerGlass\",\"description\":\"The reference brand of your smartphone  accessories\",\"potentialAction\":[{\"@type\":\"SearchAction\",\"target\":\"https:\/\/fr.tiger-warranty.com\/?s={search_term_string}\",\"query-input\":\"required name=search_term_string\"}],\"inLanguage\":\"fr-FR\"},{\"@type\":\"WebPage\",\"@id\":\"https:\/\/fr.tiger-warranty.com\/index.php\/mentions-legales\/#webpage\",\"url\":\"https:\/\/fr.tiger-warranty.com\/index.php\/mentions-legales\/\",\"name\":\"Mentions l\\u00e9gales - TigerGlass\",\"isPartOf\":{\"@id\":\"https:\/\/fr.tiger-warranty.com\/#website\"},\"datePublished\":\"2019-01-31T13:46:12+00:00\",\"dateModified\":\"2021-10-06T14:08:35+00:00\",\"inLanguage\":\"fr-FR\",\"potentialAction\":[{\"@type\":\"ReadAction\",\"target\":[\"https:\/\/fr.tiger-warranty.com\/index.php\/mentions-legales\/\"]}]}]}<\/script>\n<!-- \/ Yoast SEO plugin. -->","_links":{"self":[{"href":"https:\/\/fr.tiger-warranty.com\/index.php\/wp-json\/wp\/v2\/pages\/4758"}],"collection":[{"href":"https:\/\/fr.tiger-warranty.com\/index.php\/wp-json\/wp\/v2\/pages"}],"about":[{"href":"https:\/\/fr.tiger-warranty.com\/index.php\/wp-json\/wp\/v2\/types\/page"}],"author":[{"embeddable":true,"href":"https:\/\/fr.tiger-warranty.com\/index.php\/wp-json\/wp\/v2\/users\/4"}],"replies":[{"embeddable":true,"href":"https:\/\/fr.tiger-warranty.com\/index.php\/wp-json\/wp\/v2\/comments?post=4758"}],"version-history":[{"count":7,"href":"https:\/\/fr.tiger-warranty.com\/index.php\/wp-json\/wp\/v2\/pages\/4758\/revisions"}],"predecessor-version":[{"id":5304,"href":"https:\/\/fr.tiger-warranty.com\/index.php\/wp-json\/wp\/v2\/pages\/4758\/revisions\/5304"}],"wp:attachment":[{"href":"https:\/\/fr.tiger-warranty.com\/index.php\/wp-json\/wp\/v2\/media?parent=4758"}],"curies":[{"name":"wp","href":"https:\/\/api.w.org\/{rel}","templated":true}]}}