{"id":4760,"date":"2019-01-31T13:52:26","date_gmt":"2019-01-31T13:52:26","guid":{"rendered":"http:\/\/tiger-warranty.com\/?page_id=4760"},"modified":"2023-05-05T14:48:30","modified_gmt":"2023-05-05T14:48:30","slug":"tiger-power","status":"publish","type":"page","link":"https:\/\/fr.tiger-warranty.com\/index.php\/tiger-power\/","title":{"rendered":"Tiger Power"},"content":{"rendered":"<p>[vc_row css=\u00a0\u00bb.vc_custom_1539784505135{border-bottom-width: 0px !important;}\u00a0\u00bb][vc_column]<link href=\"https:\/\/fonts.googleapis.com\/css?family=Source+Sans+Pro:400%2C600\" rel=\"stylesheet\" property=\"stylesheet\" type=\"text\/css\" media=\"all\">\n<div id=\"hpslider_wrapper\" class=\"rev_slider_wrapper fullwidthbanner-container\" data-source=\"current_post\" style=\"margin:0px auto;background:transparent;padding:0px;margin-top:0px;margin-bottom:0px;\">\n<!-- START REVOLUTION SLIDER 5.4.7.4 fullwidth mode -->\n\t<div id=\"hpslider\" class=\"rev_slider fullwidthabanner\" style=\"display:none;\" data-version=\"5.4.7.4\">\n<ul>\t<!-- SLIDE  -->\n\t<li data-index=\"rs-4760\" data-transition=\"notransition\" data-slotamount=\"default\" data-hideafterloop=\"0\" data-hideslideonmobile=\"off\"  data-easein=\"default\" data-easeout=\"default\" data-masterspeed=\"default\"  data-thumb=\"\"  data-rotate=\"0\"  data-saveperformance=\"off\"  data-ssop=\"true\"  data-title=\"Tiger Power\" data-param1=\"\" data-param2=\"\" data-param3=\"\" data-param4=\"\" data-param5=\"\" data-param6=\"\" data-param7=\"\" data-param8=\"\" data-param9=\"\" data-param10=\"\" data-description=\"\">\n\t\t<!-- MAIN IMAGE -->\n\t\t<img src=\"https:\/\/fr.tiger-warranty.com\/wp-content\/plugins\/revslider\/admin\/assets\/images\/dummy.png\" data-bgcolor='#ffffff' style='background:#ffffff' alt=\"\" title=\"Tiger Power\"  data-lazyload=\"https:\/\/fr.tiger-warranty.com\/wp-content\/plugins\/revslider\/admin\/assets\/images\/transparent.png\" data-bgposition=\"center center\" data-bgfit=\"cover\" data-bgrepeat=\"no-repeat\" data-bgparallax=\"off\" class=\"rev-slidebg\" data-no-retina>\n\t\t<!-- LAYERS -->\n\n\t\t<!-- LAYER NR. 1 -->\n\t\t<div class=\"tp-caption   tp-resizeme\" \n\t\t\t id=\"slide-4760-layer-2\" \n\t\t\t data-x=\"['center','center','center','center']\" data-hoffset=\"['-341','-260','-184','0']\" \n\t\t\t data-y=\"['middle','middle','middle','middle']\" data-voffset=\"['-38','47','-59','-94']\" \n\t\t\t\t\t\tdata-fontsize=\"['16','16','16','14']\"\n\t\t\tdata-width=\"['376','376','376','377']\"\n\t\t\tdata-height=\"['90','90','90','none']\"\n\t\t\tdata-whitespace=\"['nowrap','normal','normal','normal']\"\n \n\t\t\tdata-type=\"text\" \n\t\t\tdata-responsive_offset=\"on\" \n\n\t\t\tdata-frames='[{\"delay\":0,\"speed\":300,\"frame\":\"0\",\"from\":\"opacity:0;\",\"to\":\"o:1;\",\"ease\":\"Power3.easeInOut\"},{\"delay\":\"wait\",\"speed\":300,\"frame\":\"999\",\"to\":\"opacity:0;\",\"ease\":\"Power3.easeInOut\"}]'\n\t\t\tdata-textAlign=\"['left','left','left','center']\"\n\t\t\tdata-paddingtop=\"[0,0,0,0]\"\n\t\t\tdata-paddingright=\"[0,0,0,0]\"\n\t\t\tdata-paddingbottom=\"[0,0,0,0]\"\n\t\t\tdata-paddingleft=\"[0,0,0,0]\"\n\n\t\t\tstyle=\"z-index: 5; min-width: 376px; max-width: 376px; max-width: 90px; max-width: 90px; white-space: nowrap; font-size: 16px; line-height: 22px; font-weight: 400; color: rgba(0,0,0,0.95); letter-spacing: 0px;font-family:Source Sans Pro;\">Tiger Power est une gamme de gamme de charge <br> garantie \u00e0 vie combinant haute performance, haute <br> r\u00e9sistance et durabilit\u00e9. La finition impeccable de ses <br> produits s\u00e9duiront les utilisateurs soucieux de la <br>qualit\u00e9 et du design de leurs accessoires. <\/div>\n\n\t\t<!-- LAYER NR. 2 -->\n\t\t<div class=\"tp-caption   tp-resizeme\" \n\t\t\t id=\"slide-4760-layer-13\" \n\t\t\t data-x=\"['left','left','left','center']\" data-hoffset=\"['131','131','16','0']\" \n\t\t\t data-y=\"['top','top','top','top']\" data-voffset=\"['109','109','32','24']\" \n\t\t\t\t\t\tdata-width=\"none\"\n\t\t\tdata-height=\"none\"\n\t\t\tdata-whitespace=\"nowrap\"\n \n\t\t\tdata-type=\"image\" \n\t\t\tdata-responsive_offset=\"on\" \n\n\t\t\tdata-frames='[{\"delay\":0,\"speed\":300,\"frame\":\"0\",\"from\":\"opacity:0;\",\"to\":\"o:1;\",\"ease\":\"Power3.easeInOut\"},{\"delay\":\"wait\",\"speed\":300,\"frame\":\"999\",\"to\":\"opacity:0;\",\"ease\":\"Power3.easeInOut\"}]'\n\t\t\tdata-textAlign=\"['left','left','inherit','inherit']\"\n\t\t\tdata-paddingtop=\"[0,0,0,0]\"\n\t\t\tdata-paddingright=\"[0,0,0,0]\"\n\t\t\tdata-paddingbottom=\"[0,0,0,0]\"\n\t\t\tdata-paddingleft=\"[0,0,0,0]\"\n\n\t\t\tstyle=\"z-index: 6;\"><img src=\"https:\/\/fr.tiger-warranty.com\/wp-content\/plugins\/revslider\/admin\/assets\/images\/dummy.png\" alt=\"\" data-ww=\"['451px','451px','292px','292px']\" data-hh=\"['97px','97px','40px','40px']\" width=\"474\" height=\"102\" data-lazyload=\"https:\/\/fr.tiger-warranty.com\/wp-content\/uploads\/2023\/05\/logo_tiger_power-1.png\" data-no-retina> <\/div>\n\n\t\t<!-- LAYER NR. 3 -->\n\t\t<div class=\"tp-caption   tp-resizeme\" \n\t\t\t id=\"slide-4760-layer-15\" \n\t\t\t data-x=\"['center','center','center','center']\" data-hoffset=\"['0','0','0','0']\" \n\t\t\t data-y=\"['bottom','bottom','bottom','bottom']\" data-voffset=\"['12','12','12','12']\" \n\t\t\t\t\t\tdata-width=\"none\"\n\t\t\tdata-height=\"none\"\n\t\t\tdata-whitespace=\"nowrap\"\n \n\t\t\tdata-type=\"image\" \n\t\t\tdata-responsive_offset=\"on\" \n\n\t\t\tdata-frames='[{\"delay\":0,\"speed\":300,\"frame\":\"0\",\"from\":\"opacity:0;\",\"to\":\"o:1;\",\"ease\":\"Power3.easeInOut\"},{\"delay\":\"wait\",\"speed\":300,\"frame\":\"999\",\"to\":\"opacity:0;\",\"ease\":\"Power3.easeInOut\"}]'\n\t\t\tdata-textAlign=\"['inherit','inherit','inherit','inherit']\"\n\t\t\tdata-paddingtop=\"[0,0,0,0]\"\n\t\t\tdata-paddingright=\"[0,0,0,0]\"\n\t\t\tdata-paddingbottom=\"[0,0,0,0]\"\n\t\t\tdata-paddingleft=\"[0,0,0,0]\"\n\n\t\t\tstyle=\"z-index: 7;\"><img src=\"https:\/\/fr.tiger-warranty.com\/wp-content\/plugins\/revslider\/admin\/assets\/images\/dummy.png\" alt=\"\" data-ww=\"['26px','26px','26px','26px']\" data-hh=\"['14px','14px','14px','14px']\" data-lazyload=\"https:\/\/tiger-warranty.com\/wp-content\/uploads\/2018\/10\/fleche-noir-.png\" data-no-retina> <\/div>\n\n\t\t<!-- LAYER NR. 4 -->\n\t\t<div class=\"tp-caption   tp-resizeme\" \n\t\t\t id=\"slide-4760-layer-19\" \n\t\t\t data-x=\"['left','left','left','center']\" data-hoffset=\"['586','586','411','60']\" \n\t\t\t data-y=\"['top','top','top','top']\" data-voffset=\"['37','37','32','144']\" \n\t\t\t\t\t\tdata-width=\"none\"\n\t\t\tdata-height=\"none\"\n\t\t\tdata-whitespace=\"nowrap\"\n \n\t\t\tdata-type=\"image\" \n\t\t\tdata-responsive_offset=\"on\" \n\n\t\t\tdata-frames='[{\"delay\":0,\"speed\":300,\"frame\":\"0\",\"from\":\"opacity:0;\",\"to\":\"o:1;\",\"ease\":\"Power3.easeInOut\"},{\"delay\":\"wait\",\"speed\":300,\"frame\":\"999\",\"to\":\"opacity:0;\",\"ease\":\"Power3.easeInOut\"}]'\n\t\t\tdata-textAlign=\"['inherit','inherit','inherit','inherit']\"\n\t\t\tdata-paddingtop=\"[0,0,0,0]\"\n\t\t\tdata-paddingright=\"[0,0,0,0]\"\n\t\t\tdata-paddingbottom=\"[0,0,0,0]\"\n\t\t\tdata-paddingleft=\"[0,0,0,0]\"\n\n\t\t\tstyle=\"z-index: 8;\"><img src=\"https:\/\/fr.tiger-warranty.com\/wp-content\/plugins\/revslider\/admin\/assets\/images\/dummy.png\" alt=\"\" data-ww=\"['705px','705px','364px','309px']\" data-hh=\"['554px','554px','286px','243px']\" data-lazyload=\"https:\/\/tiger-warranty.com\/wp-content\/uploads\/2018\/10\/img-cable.png\" data-no-retina> <\/div>\n\n\t\t<!-- LAYER NR. 5 -->\n\t\t<a class=\"tp-caption rev-btn \" \n href=\"https:\/\/fr.tiger-warranty.com\/index.php\/ma-garantie\/\" target=\"_self\"\t\t\t id=\"slide-4760-layer-23\" \n\t\t\t data-x=\"['left','left','left','center']\" data-hoffset=\"['174','174','54','0']\" \n\t\t\t data-y=\"['top','top','top','top']\" data-voffset=\"['356','356','265','337']\" \n\t\t\t\t\t\tdata-width=\"none\"\n\t\t\tdata-height=\"none\"\n\t\t\tdata-whitespace=\"nowrap\"\n \n\t\t\tdata-type=\"button\" \n\t\t\tdata-actions=''\n\t\t\tdata-responsive_offset=\"on\" \n\t\t\tdata-responsive=\"off\"\n\t\t\tdata-frames='[{\"delay\":10,\"speed\":300,\"frame\":\"0\",\"from\":\"opacity:0;\",\"to\":\"o:1;\",\"ease\":\"Power3.easeInOut\"},{\"delay\":\"wait\",\"speed\":300,\"frame\":\"999\",\"to\":\"opacity:0;\",\"ease\":\"Power3.easeInOut\"},{\"frame\":\"hover\",\"speed\":\"0\",\"ease\":\"Linear.easeNone\",\"to\":\"o:1;rX:0;rY:0;rZ:0;z:0;\",\"style\":\"c:rgb(255,255,255);bg:rgb(10,10,10);bs:solid;bw:0 0 0 0;\"}]'\n\t\t\tdata-textAlign=\"['inherit','inherit','inherit','inherit']\"\n\t\t\tdata-paddingtop=\"[10,10,10,10]\"\n\t\t\tdata-paddingright=\"[30,30,30,30]\"\n\t\t\tdata-paddingbottom=\"[10,10,10,10]\"\n\t\t\tdata-paddingleft=\"[30,30,30,30]\"\n\n\t\t\tstyle=\"z-index: 11; white-space: nowrap; font-size: 14px; line-height: 14px; font-weight: 600; color: rgba(255,255,255,1); letter-spacing: px;font-family:Source Sans Pro;background-color:rgba(162,138,102,0.75);border-color:rgba(0,0,0,1);border-radius:30px 30px 30px 30px;outline:none;box-shadow:none;box-sizing:border-box;-moz-box-sizing:border-box;-webkit-box-sizing:border-box;cursor:pointer;text-decoration: none;\">MA GARANTIE <\/a>\n\t<\/li>\n<\/ul>\n<div class=\"tp-bannertimer tp-bottom\" style=\"visibility: hidden !important;\"><\/div>\t<\/div>\n<script>var htmlDiv = document.getElementById(\"rs-plugin-settings-inline-css\"); var htmlDivCss=\"\";\r\n\t\t\t\tif(htmlDiv) {\r\n\t\t\t\t\thtmlDiv.innerHTML = htmlDiv.innerHTML + htmlDivCss;\r\n\t\t\t\t}else{\r\n\t\t\t\t\tvar htmlDiv = document.createElement(\"div\");\r\n\t\t\t\t\thtmlDiv.innerHTML = \"<style>\" + htmlDivCss + \"<\/style>\";\r\n\t\t\t\t\tdocument.getElementsByTagName(\"head\")[0].appendChild(htmlDiv.childNodes[0]);\r\n\t\t\t\t}\r\n\t\t\t<\/script>\n\t\t<script type=\"text\/javascript\">\r\nif (setREVStartSize!==undefined) setREVStartSize(\r\n\t{c: '#hpslider', responsiveLevels: [1240,1024,778,480], gridwidth: [1400,1240,778,480], gridheight: [600,500,400,400], sliderLayout: 'fullwidth'});\r\n\t\t\t\r\nvar revapi18,\r\n\ttpj;\t\r\n(function() {\t\t\t\r\n\tif (!\/loaded|interactive|complete\/.test(document.readyState)) document.addEventListener(\"DOMContentLoaded\",onLoad); else onLoad();\t\r\n\tfunction onLoad() {\t\t\t\t\r\n\t\tif (tpj===undefined) { tpj = jQuery; if(\"off\" == \"on\") tpj.noConflict();}\r\n\tif(tpj(\"#hpslider\").revolution == undefined){\n\t\trevslider_showDoubleJqueryError(\"#hpslider\");\n\t}else{\n\t\trevapi18 = tpj(\"#hpslider\").show().revolution({\n\t\t\tsliderType:\"hero\",\n\t\t\tjsFileLocation:\"\/\/fr.tiger-warranty.com\/wp-content\/plugins\/revslider\/public\/assets\/js\/\",\n\t\t\tsliderLayout:\"fullwidth\",\n\t\t\tdottedOverlay:\"none\",\n\t\t\tdelay:0,\n\t\t\tresponsiveLevels:[1240,1024,778,480],\n\t\t\tvisibilityLevels:[1240,1024,778,480],\n\t\t\tgridwidth:[1400,1240,778,480],\n\t\t\tgridheight:[600,500,400,400],\n\t\t\tlazyType:\"smart\",\n\t\t\tparallax: {\n\t\t\t\ttype:\"mouse\",\n\t\t\t\torigo:\"slidercenter\",\n\t\t\t\tspeed:2000,\n\t\t\t\tspeedbg:0,\n\t\t\t\tspeedls:0,\n\t\t\t\tlevels:[2,3,4,5,6,7,12,16,10,50,47,48,49,50,51,55],\n\t\t\t},\n\t\t\tshadow:0,\n\t\t\tspinner:\"off\",\n\t\t\tautoHeight:\"off\",\n\t\t\tdisableProgressBar:\"on\",\n\t\t\thideThumbsOnMobile:\"on\",\n\t\t\thideSliderAtLimit:0,\n\t\t\thideCaptionAtLimit:0,\n\t\t\thideAllCaptionAtLilmit:0,\n\t\t\tdebugMode:false,\n\t\t\tfallbacks: {\n\t\t\t\tsimplifyAll:\"off\",\n\t\t\t\tdisableFocusListener:false,\n\t\t\t}\n\t\t});\n\t}; \/* END OF revapi call *\/\n\t\n }; \/* END OF ON LOAD FUNCTION *\/\r\n}()); \/* END OF WRAPPING FUNCTION *\/\r\n<\/script>\r\n\t\t<\/div><!-- END REVOLUTION SLIDER -->[\/vc_column][\/vc_row][vc_row full_width=\u00a0\u00bbstretch_row\u00a0\u00bb full_height=\u00a0\u00bbyes\u00a0\u00bb equal_height=\u00a0\u00bbyes\u00a0\u00bb awb_type=\u00a0\u00bbcolor\u00a0\u00bb awb_color=\u00a0\u00bb#000000&Prime; css=\u00a0\u00bb.vc_custom_1539951782098{border-top-width: 5px !important;padding-top: 50px !important;padding-bottom: 50px !important;border-top-color: #a18968 !important;border-top-style: solid !important;}\u00a0\u00bb][vc_column][vc_single_image image=\u00a0\u00bb5474&Prime; img_size=\u00a0\u00bbmedium\u00a0\u00bb alignment=\u00a0\u00bbcenter\u00a0\u00bb css=\u00a0\u00bb.vc_custom_1683125196387{border-bottom-width: 0px !important;border-bottom-style: solid !important;}\u00a0\u00bb]<div class=\"ult-spacer spacer-69fb365e93fd7\" data-id=\"69fb365e93fd7\" data-height=\"50\" data-height-mobile=\"50\" data-height-tab=\"50\" data-height-tab-portrait=\"\" data-height-mobile-landscape=\"\" style=\"clear:both;display:block;\"><\/div>[\/vc_column][vc_column][vc_row_inner el_class=\u00a0\u00bbtcServiceRow\u00a0\u00bb][vc_column_inner width=\u00a0\u00bb1\/3&Prime;][vc_single_image image=\u00a0\u00bb4342&Prime;]<div class=\"vlthemes_custom_69fb365e94011 tcServices  vlt-services vlt-services--top-left vlt-services--style-2\"><div class=\"vlt-services__content\"><h5 class=\"vlt-services__title\">CHARGE RAPIDE ET TRANSFERT OPTIMISE<\/h5><p class=\"vlt-services__text\" >Les c\u00e2bles Tiger Power, longs de 1,20m ou 2m, d\u00e9livrent une puissance de 3A (2,4A pour USB-A vers Ligthning), id\u00e9ale pour un chargement rapide de votre appareil.<\/p><\/div><\/div><div class=\"ult-spacer spacer-69fb365e9407e\" data-id=\"69fb365e9407e\" data-height=\"65\" data-height-mobile=\"65\" data-height-tab=\"65\" data-height-tab-portrait=\"\" data-height-mobile-landscape=\"\" style=\"clear:both;display:block;\"><\/div>[\/vc_column_inner][vc_column_inner width=\u00a0\u00bb1\/3&Prime;][vc_single_image image=\u00a0\u00bb4343&Prime; img_size=\u00a0\u00bbmedium\u00a0\u00bb]<div class=\"vlthemes_custom_69fb365e940b9 tcServices  vc_custom_1683118177057 vlt-services vlt-services--top-left vlt-services--style-2\"><div class=\"vlt-services__content\"><h5 class=\"vlt-services__title\">PROTECTION ELECTROMAGNETIQUE<\/h5><p class=\"vlt-services__text\" >Le blindage en aluminium, en plus du tressage en nylon, permet de r\u00e9duire les interf\u00e9rences \u00e9lectromagn\u00e9tiques des appareils situ\u00e9s \u00e0 proximit\u00e9.<\/p><\/div><\/div><div class=\"ult-spacer spacer-69fb365e940f5\" data-id=\"69fb365e940f5\" data-height=\"65\" data-height-mobile=\"65\" data-height-tab=\"65\" data-height-tab-portrait=\"\" data-height-mobile-landscape=\"\" style=\"clear:both;display:block;\"><\/div>[\/vc_column_inner][vc_column_inner width=\u00a0\u00bb1\/3&Prime;][vc_single_image image=\u00a0\u00bb4344&Prime; img_size=\u00a0\u00bbmedium\u00a0\u00bb]<div class=\"vlthemes_custom_69fb365e9412b tcServices  vlt-services vlt-services--top-left vlt-services--style-2\"><div class=\"vlt-services__content\"><h5 class=\"vlt-services__title\">ULTRA RESISTANT<\/h5><p class=\"vlt-services__text\" >Les connecteurs en aluminium sont reli\u00e9s \u00e0 la gaine du c\u00e2ble par une encolure ultra r\u00e9sistante, ce qui permet de supporter plus de 50 000 pliages \u00e0 180 degr\u00e9s. Le c\u00e2ble Tiger Power lui-m\u00eame r\u00e9siste \u00e0 la traction jusqu\u2019\u00e0 100kg gr\u00e2ce \u00e0 son tressage en fibres de nylon.<\/p><\/div><\/div><div class=\"ult-spacer spacer-69fb365e94175\" data-id=\"69fb365e94175\" data-height=\"65\" data-height-mobile=\"65\" data-height-tab=\"65\" data-height-tab-portrait=\"\" data-height-mobile-landscape=\"\" style=\"clear:both;display:block;\"><\/div>[\/vc_column_inner][\/vc_row_inner][\/vc_column][\/vc_row]<\/p>\n","protected":false},"excerpt":{"rendered":"<p>[vc_row css=\u00a0\u00bb.vc_custom_1539784505135{border-bottom-width: 0px !important;}\u00a0\u00bb][vc_column][\/vc_column][\/vc_row][vc_row full_width=\u00a0\u00bbstretch_row\u00a0\u00bb full_height=\u00a0\u00bbyes\u00a0\u00bb equal_height=\u00a0\u00bbyes\u00a0\u00bb awb_type=\u00a0\u00bbcolor\u00a0\u00bb awb_color=\u00a0\u00bb#000000&Prime; css=\u00a0\u00bb.vc_custom_1539951782098{border-top-width: 5px !important;padding-top: 50px !important;padding-bottom: 50px !important;border-top-color: #a18968 !important;border-top-style: solid !important;}\u00a0\u00bb][vc_column][vc_single_image image=\u00a0\u00bb5474&Prime; img_size=\u00a0\u00bbmedium\u00a0\u00bb alignment=\u00a0\u00bbcenter\u00a0\u00bb css=\u00a0\u00bb.vc_custom_1683125196387{border-bottom-width: 0px !important;border-bottom-style: solid !important;}\u00a0\u00bb][\/vc_column][vc_column][vc_row_inner el_class=\u00a0\u00bbtcServiceRow\u00a0\u00bb][vc_column_inner width=\u00a0\u00bb1\/3&Prime;][vc_single_image image=\u00a0\u00bb4342&Prime;][\/vc_column_inner][vc_column_inner width=\u00a0\u00bb1\/3&Prime;][vc_single_image image=\u00a0\u00bb4343&Prime; img_size=\u00a0\u00bbmedium\u00a0\u00bb][\/vc_column_inner][vc_column_inner width=\u00a0\u00bb1\/3&Prime;][vc_single_image image=\u00a0\u00bb4344&Prime; img_size=\u00a0\u00bbmedium\u00a0\u00bb][\/vc_column_inner][\/vc_row_inner][\/vc_column][\/vc_row]<\/p>\n","protected":false},"author":4,"featured_media":0,"parent":0,"menu_order":0,"comment_status":"closed","ping_status":"closed","template":"template-custom-page.php","meta":[],"yoast_head":"<!-- This site is optimized with the Yoast SEO plugin v15.7 - https:\/\/yoast.com\/wordpress\/plugins\/seo\/ -->\n<title>Tiger Power - TigerGlass<\/title>\n<meta name=\"robots\" content=\"index, follow, max-snippet:-1, max-image-preview:large, max-video-preview:-1\" \/>\n<link rel=\"canonical\" href=\"https:\/\/fr.tiger-warranty.com\/index.php\/tiger-power\/\" \/>\n<meta property=\"og:locale\" content=\"fr_FR\" \/>\n<meta property=\"og:type\" content=\"article\" \/>\n<meta property=\"og:title\" content=\"Tiger Power - TigerGlass\" \/>\n<meta property=\"og:description\" content=\"[vc_row css=\u00a0\u00bb.vc_custom_1539784505135{border-bottom-width: 0px !important;}\u00a0\u00bb][vc_column][\/vc_column][\/vc_row][vc_row full_width=\u00a0\u00bbstretch_row\u00a0\u00bb full_height=\u00a0\u00bbyes\u00a0\u00bb equal_height=\u00a0\u00bbyes\u00a0\u00bb awb_type=\u00a0\u00bbcolor\u00a0\u00bb awb_color=\u00a0\u00bb#000000&Prime; css=\u00a0\u00bb.vc_custom_1539951782098{border-top-width: 5px !important;padding-top: 50px !important;padding-bottom: 50px !important;border-top-color: #a18968 !important;border-top-style: solid !important;}\u00a0\u00bb][vc_column][vc_single_image image=\u00a0\u00bb5474&Prime; img_size=\u00a0\u00bbmedium\u00a0\u00bb alignment=\u00a0\u00bbcenter\u00a0\u00bb css=\u00a0\u00bb.vc_custom_1683125196387{border-bottom-width: 0px !important;border-bottom-style: solid !important;}\u00a0\u00bb][\/vc_column][vc_column][vc_row_inner el_class=\u00a0\u00bbtcServiceRow\u00a0\u00bb][vc_column_inner width=\u00a0\u00bb1\/3&Prime;][vc_single_image image=\u00a0\u00bb4342&Prime;][\/vc_column_inner][vc_column_inner width=\u00a0\u00bb1\/3&Prime;][vc_single_image image=\u00a0\u00bb4343&Prime; img_size=\u00a0\u00bbmedium\u00a0\u00bb][\/vc_column_inner][vc_column_inner width=\u00a0\u00bb1\/3&Prime;][vc_single_image image=\u00a0\u00bb4344&Prime; img_size=\u00a0\u00bbmedium\u00a0\u00bb][\/vc_column_inner][\/vc_row_inner][\/vc_column][\/vc_row]\" \/>\n<meta property=\"og:url\" content=\"https:\/\/fr.tiger-warranty.com\/index.php\/tiger-power\/\" \/>\n<meta property=\"og:site_name\" content=\"TigerGlass\" \/>\n<meta property=\"article:modified_time\" content=\"2023-05-05T14:48:30+00:00\" \/>\n<meta name=\"twitter:card\" content=\"summary_large_image\" \/>\n<meta name=\"twitter:label1\" content=\"Dur\u00e9e de lecture est.\">\n\t<meta name=\"twitter:data1\" content=\"1 minute\">\n<script type=\"application\/ld+json\" class=\"yoast-schema-graph\">{\"@context\":\"https:\/\/schema.org\",\"@graph\":[{\"@type\":\"WebSite\",\"@id\":\"https:\/\/tiger-warranty.com\/#website\",\"url\":\"https:\/\/tiger-warranty.com\/\",\"name\":\"TigerGlass\",\"description\":\"The reference brand of your smartphone  accessories\",\"potentialAction\":[{\"@type\":\"SearchAction\",\"target\":\"https:\/\/tiger-warranty.com\/?s={search_term_string}\",\"query-input\":\"required name=search_term_string\"}],\"inLanguage\":\"fr-FR\"},{\"@type\":\"WebPage\",\"@id\":\"https:\/\/fr.tiger-warranty.com\/index.php\/tiger-power\/#webpage\",\"url\":\"https:\/\/fr.tiger-warranty.com\/index.php\/tiger-power\/\",\"name\":\"Tiger Power - TigerGlass\",\"isPartOf\":{\"@id\":\"https:\/\/tiger-warranty.com\/#website\"},\"datePublished\":\"2019-01-31T13:52:26+00:00\",\"dateModified\":\"2023-05-05T14:48:30+00:00\",\"inLanguage\":\"fr-FR\",\"potentialAction\":[{\"@type\":\"ReadAction\",\"target\":[\"https:\/\/fr.tiger-warranty.com\/index.php\/tiger-power\/\"]}]}]}<\/script>\n<!-- \/ Yoast SEO plugin. -->","_links":{"self":[{"href":"https:\/\/fr.tiger-warranty.com\/index.php\/wp-json\/wp\/v2\/pages\/4760"}],"collection":[{"href":"https:\/\/fr.tiger-warranty.com\/index.php\/wp-json\/wp\/v2\/pages"}],"about":[{"href":"https:\/\/fr.tiger-warranty.com\/index.php\/wp-json\/wp\/v2\/types\/page"}],"author":[{"embeddable":true,"href":"https:\/\/fr.tiger-warranty.com\/index.php\/wp-json\/wp\/v2\/users\/4"}],"replies":[{"embeddable":true,"href":"https:\/\/fr.tiger-warranty.com\/index.php\/wp-json\/wp\/v2\/comments?post=4760"}],"version-history":[{"count":12,"href":"https:\/\/fr.tiger-warranty.com\/index.php\/wp-json\/wp\/v2\/pages\/4760\/revisions"}],"predecessor-version":[{"id":5477,"href":"https:\/\/fr.tiger-warranty.com\/index.php\/wp-json\/wp\/v2\/pages\/4760\/revisions\/5477"}],"wp:attachment":[{"href":"https:\/\/fr.tiger-warranty.com\/index.php\/wp-json\/wp\/v2\/media?parent=4760"}],"curies":[{"name":"wp","href":"https:\/\/api.w.org\/{rel}","templated":true}]}}